{"id":152,"date":"2019-07-22T13:57:57","date_gmt":"2019-07-22T12:57:57","guid":{"rendered":"https:\/\/rr408.freudenstadt.church\/?page_id=152"},"modified":"2021-01-26T01:01:05","modified_gmt":"2021-01-26T00:01:05","slug":"kundschafter","status":"publish","type":"page","link":"https:\/\/rr408.freudenstadt.church\/en_us\/kundschafter","title":{"rendered":"Kundschafter"},"content":{"rendered":"<p>Kundschafter wirst du mit 9 Jahren.<\/p>\n\n\n\n<h5>Campleben und Camptechnik<\/h5>\n\n\n\n<div class=\"wp-block-media-text alignfull\" style=\"grid-template-columns:20% auto\"><figure class=\"wp-block-media-text__media\"><img loading=\"lazy\" width=\"1024\" height=\"768\" src=\"https:\/\/rr408.freudenstadt.church\/wp-content\/uploads\/2021\/01\/IMG_3869-1024x768.jpg\" alt=\"\" class=\"wp-image-701 size-full\" srcset=\"https:\/\/rr408.freudenstadt.church\/wp-content\/uploads\/2021\/01\/IMG_3869-1024x768.jpg 1024w, https:\/\/rr408.freudenstadt.church\/wp-content\/uploads\/2021\/01\/IMG_3869-300x225.jpg 300w, https:\/\/rr408.freudenstadt.church\/wp-content\/uploads\/2021\/01\/IMG_3869-768x576.jpg 768w, https:\/\/rr408.freudenstadt.church\/wp-content\/uploads\/2021\/01\/IMG_3869-1536x1152.jpg 1536w, https:\/\/rr408.freudenstadt.church\/wp-content\/uploads\/2021\/01\/IMG_3869-2048x1536.jpg 2048w, https:\/\/rr408.freudenstadt.church\/wp-content\/uploads\/2021\/01\/IMG_3869-16x12.jpg 16w, https:\/\/rr408.freudenstadt.church\/wp-content\/uploads\/2021\/01\/IMG_3869-830x623.jpg 830w, https:\/\/rr408.freudenstadt.church\/wp-content\/uploads\/2021\/01\/IMG_3869-230x173.jpg 230w, https:\/\/rr408.freudenstadt.church\/wp-content\/uploads\/2021\/01\/IMG_3869-350x263.jpg 350w, https:\/\/rr408.freudenstadt.church\/wp-content\/uploads\/2021\/01\/IMG_3869-480x360.jpg 480w\" sizes=\"(max-width: 1024px) 100vw, 1024px\" \/><\/figure><div class=\"wp-block-media-text__content\">\n<p class=\"has-normal-font-size\">Als Kundschafter erleben wir die tolle Atmosph\u00e4re von Camps. Wir  \u00fcbernachten in unserem selbst aufgebauten Schlafzelt und kochen unser  Essen \u00fcber offenem Feuer in der eigenen Campk\u00fcche. <\/p>\n<\/div><\/div>\n\n\n\n<hr class=\"wp-block-separator\"\/>\n\n\n\n<h5>Beobachter bis Meister<\/h5>\n\n\n\n<div class=\"wp-block-media-text alignfull has-media-on-the-right\" style=\"grid-template-columns:auto 20%\"><figure class=\"wp-block-media-text__media\"><img loading=\"lazy\" width=\"1024\" height=\"768\" src=\"https:\/\/rr408.freudenstadt.church\/wp-content\/uploads\/2020\/09\/IMG_1001-1024x768.jpg\" alt=\"\" class=\"wp-image-476 size-full\" srcset=\"https:\/\/rr408.freudenstadt.church\/wp-content\/uploads\/2020\/09\/IMG_1001-1024x768.jpg 1024w, https:\/\/rr408.freudenstadt.church\/wp-content\/uploads\/2020\/09\/IMG_1001-300x225.jpg 300w, https:\/\/rr408.freudenstadt.church\/wp-content\/uploads\/2020\/09\/IMG_1001-768x576.jpg 768w, https:\/\/rr408.freudenstadt.church\/wp-content\/uploads\/2020\/09\/IMG_1001-1536x1152.jpg 1536w, https:\/\/rr408.freudenstadt.church\/wp-content\/uploads\/2020\/09\/IMG_1001-2048x1536.jpg 2048w, https:\/\/rr408.freudenstadt.church\/wp-content\/uploads\/2020\/09\/IMG_1001-830x623.jpg 830w, https:\/\/rr408.freudenstadt.church\/wp-content\/uploads\/2020\/09\/IMG_1001-230x173.jpg 230w, https:\/\/rr408.freudenstadt.church\/wp-content\/uploads\/2020\/09\/IMG_1001-350x263.jpg 350w, https:\/\/rr408.freudenstadt.church\/wp-content\/uploads\/2020\/09\/IMG_1001-480x360.jpg 480w\" sizes=\"(max-width: 1024px) 100vw, 1024px\" \/><\/figure><div class=\"wp-block-media-text__content\">\n<p class=\"has-normal-font-size\">Angefangen mit der Beobachterpr\u00fcfung erfahren wir bis zur Meisterpr\u00fcfung einiges \u00fcber Pfadfindertechniken, Natur und Erste Hilfe. Ganz praktisch  lernen wir Knoten und \u00fcben uns im Umgang mit Werkzeug, Karte und  Kompass. <\/p>\n<\/div><\/div>\n\n\n\n<hr class=\"wp-block-separator\"\/>\n\n\n\n<h5>Verantwortung<\/h5>\n\n\n\n<div class=\"wp-block-media-text alignfull\" style=\"grid-template-columns:20% auto\"><figure class=\"wp-block-media-text__media\"><img loading=\"lazy\" width=\"1024\" height=\"768\" src=\"https:\/\/rr408.freudenstadt.church\/wp-content\/uploads\/2021\/01\/IMG_6870-1024x768.jpg\" alt=\"\" class=\"wp-image-706 size-full\" srcset=\"https:\/\/rr408.freudenstadt.church\/wp-content\/uploads\/2021\/01\/IMG_6870-1024x768.jpg 1024w, https:\/\/rr408.freudenstadt.church\/wp-content\/uploads\/2021\/01\/IMG_6870-300x225.jpg 300w, https:\/\/rr408.freudenstadt.church\/wp-content\/uploads\/2021\/01\/IMG_6870-768x576.jpg 768w, https:\/\/rr408.freudenstadt.church\/wp-content\/uploads\/2021\/01\/IMG_6870-1536x1152.jpg 1536w, https:\/\/rr408.freudenstadt.church\/wp-content\/uploads\/2021\/01\/IMG_6870-2048x1536.jpg 2048w, https:\/\/rr408.freudenstadt.church\/wp-content\/uploads\/2021\/01\/IMG_6870-16x12.jpg 16w, https:\/\/rr408.freudenstadt.church\/wp-content\/uploads\/2021\/01\/IMG_6870-830x623.jpg 830w, https:\/\/rr408.freudenstadt.church\/wp-content\/uploads\/2021\/01\/IMG_6870-230x173.jpg 230w, https:\/\/rr408.freudenstadt.church\/wp-content\/uploads\/2021\/01\/IMG_6870-350x263.jpg 350w, https:\/\/rr408.freudenstadt.church\/wp-content\/uploads\/2021\/01\/IMG_6870-480x360.jpg 480w\" sizes=\"(max-width: 1024px) 100vw, 1024px\" \/><\/figure><div class=\"wp-block-media-text__content\">\n<p class=\"has-normal-font-size\">Als Kundschafter ist es uns wichtig Selbst\u00e4ndigkeit zu erlernen. Unser  Leiter ist zwar immer dabei, aber einige Aufgaben, wie den Campaufbau,  Holz hacken und Kochen, meistern wir jetzt selbst. <\/p>\n<\/div><\/div>","protected":false},"excerpt":{"rendered":"<p>Kundschafter wirst du mit 9 Jahren. Campleben und Camptechnik Als Kundschafter erleben wir die tolle Atmosph\u00e4re von Camps. Wir \u00fcbernachten in unserem selbst aufgebauten Schlafzelt und kochen unser Essen \u00fcber offenem Feuer in der eigenen Campk\u00fcche. Beobachter bis Meister Angefangen mit der Beobachterpr\u00fcfung erfahren wir bis zur Meisterpr\u00fcfung einiges \u00fcber Pfadfindertechniken, Natur und Erste Hilfe. [&hellip;]<\/p>","protected":false},"author":1,"featured_media":0,"parent":0,"menu_order":0,"comment_status":"closed","ping_status":"closed","template":"","meta":[],"_links":{"self":[{"href":"https:\/\/rr408.freudenstadt.church\/en_us\/wp-json\/wp\/v2\/pages\/152"}],"collection":[{"href":"https:\/\/rr408.freudenstadt.church\/en_us\/wp-json\/wp\/v2\/pages"}],"about":[{"href":"https:\/\/rr408.freudenstadt.church\/en_us\/wp-json\/wp\/v2\/types\/page"}],"author":[{"embeddable":true,"href":"https:\/\/rr408.freudenstadt.church\/en_us\/wp-json\/wp\/v2\/users\/1"}],"replies":[{"embeddable":true,"href":"https:\/\/rr408.freudenstadt.church\/en_us\/wp-json\/wp\/v2\/comments?post=152"}],"version-history":[{"count":11,"href":"https:\/\/rr408.freudenstadt.church\/en_us\/wp-json\/wp\/v2\/pages\/152\/revisions"}],"predecessor-version":[{"id":708,"href":"https:\/\/rr408.freudenstadt.church\/en_us\/wp-json\/wp\/v2\/pages\/152\/revisions\/708"}],"wp:attachment":[{"href":"https:\/\/rr408.freudenstadt.church\/en_us\/wp-json\/wp\/v2\/media?parent=152"}],"curies":[{"name":"wp","href":"https:\/\/api.w.org\/{rel}","templated":true}]}}