{"id":155,"date":"2019-07-22T13:58:11","date_gmt":"2019-07-22T12:58:11","guid":{"rendered":"https:\/\/rr408.freudenstadt.church\/?page_id=155"},"modified":"2021-01-26T00:48:45","modified_gmt":"2021-01-25T23:48:45","slug":"pfadfinder","status":"publish","type":"page","link":"https:\/\/rr408.freudenstadt.church\/en_us\/pfadfinder","title":{"rendered":"Pfadfinder"},"content":{"rendered":"<p>Pfadfinder bist du ab 12 Jahren.<\/p>\n\n\n\n<h5>Weites Land<\/h5>\n\n\n\n<div class=\"wp-block-media-text alignfull\" style=\"grid-template-columns:20% auto\"><figure class=\"wp-block-media-text__media\"><img loading=\"lazy\" width=\"1024\" height=\"768\" src=\"https:\/\/rr408.freudenstadt.church\/wp-content\/uploads\/2021\/01\/IMG_6452-1024x768.jpg\" alt=\"\" class=\"wp-image-693 size-full\" srcset=\"https:\/\/rr408.freudenstadt.church\/wp-content\/uploads\/2021\/01\/IMG_6452-1024x768.jpg 1024w, https:\/\/rr408.freudenstadt.church\/wp-content\/uploads\/2021\/01\/IMG_6452-300x225.jpg 300w, https:\/\/rr408.freudenstadt.church\/wp-content\/uploads\/2021\/01\/IMG_6452-768x576.jpg 768w, https:\/\/rr408.freudenstadt.church\/wp-content\/uploads\/2021\/01\/IMG_6452-1536x1152.jpg 1536w, https:\/\/rr408.freudenstadt.church\/wp-content\/uploads\/2021\/01\/IMG_6452-2048x1536.jpg 2048w, https:\/\/rr408.freudenstadt.church\/wp-content\/uploads\/2021\/01\/IMG_6452-16x12.jpg 16w, https:\/\/rr408.freudenstadt.church\/wp-content\/uploads\/2021\/01\/IMG_6452-830x623.jpg 830w, https:\/\/rr408.freudenstadt.church\/wp-content\/uploads\/2021\/01\/IMG_6452-230x173.jpg 230w, https:\/\/rr408.freudenstadt.church\/wp-content\/uploads\/2021\/01\/IMG_6452-350x263.jpg 350w, https:\/\/rr408.freudenstadt.church\/wp-content\/uploads\/2021\/01\/IMG_6452-480x360.jpg 480w\" sizes=\"(max-width: 1024px) 100vw, 1024px\" \/><\/figure><div class=\"wp-block-media-text__content\">\n<p class=\"has-normal-font-size\">Camps zu bew\u00e4ltigen sind wir gew\u00f6hnt. Jetzt brechen wir auf, um bei Hajks und Fahrten neu herausgefordert zu werden. <\/p>\n<\/div><\/div>\n\n\n\n<hr class=\"wp-block-separator\"\/>\n\n\n\n<h5>Die Lilien &#8211; Bronze, Silver, Gold<\/h5>\n\n\n\n<div class=\"wp-block-media-text alignfull has-media-on-the-right\" style=\"grid-template-columns:auto 20%\"><figure class=\"wp-block-media-text__media\"><img loading=\"lazy\" width=\"768\" height=\"1024\" src=\"https:\/\/rr408.freudenstadt.church\/wp-content\/uploads\/2021\/01\/IMG_0827-768x1024.jpg\" alt=\"\" class=\"wp-image-695 size-full\" srcset=\"https:\/\/rr408.freudenstadt.church\/wp-content\/uploads\/2021\/01\/IMG_0827-768x1024.jpg 768w, https:\/\/rr408.freudenstadt.church\/wp-content\/uploads\/2021\/01\/IMG_0827-225x300.jpg 225w, https:\/\/rr408.freudenstadt.church\/wp-content\/uploads\/2021\/01\/IMG_0827-1152x1536.jpg 1152w, https:\/\/rr408.freudenstadt.church\/wp-content\/uploads\/2021\/01\/IMG_0827-1536x2048.jpg 1536w, https:\/\/rr408.freudenstadt.church\/wp-content\/uploads\/2021\/01\/IMG_0827-9x12.jpg 9w, https:\/\/rr408.freudenstadt.church\/wp-content\/uploads\/2021\/01\/IMG_0827-830x1107.jpg 830w, https:\/\/rr408.freudenstadt.church\/wp-content\/uploads\/2021\/01\/IMG_0827-230x307.jpg 230w, https:\/\/rr408.freudenstadt.church\/wp-content\/uploads\/2021\/01\/IMG_0827-350x467.jpg 350w, https:\/\/rr408.freudenstadt.church\/wp-content\/uploads\/2021\/01\/IMG_0827-480x640.jpg 480w, https:\/\/rr408.freudenstadt.church\/wp-content\/uploads\/2021\/01\/IMG_0827-scaled.jpg 1920w\" sizes=\"(max-width: 768px) 100vw, 768px\" \/><\/figure><div class=\"wp-block-media-text__content\">\n<p class=\"has-normal-font-size\">F\u00fcr unser gro\u00dfes Ziel, die Goldlilie, k\u00f6nnen wir eigene Schwerpunkte  jetzt selbst w\u00e4hlen. Die Themen erstrecken sich \u00fcber Bereiche wie z.B.  Sport, Technik und Politik. <\/p>\n<\/div><\/div>\n\n\n\n<hr class=\"wp-block-separator\"\/>\n\n\n\n<h5>Selbst\u00e4ndigkeit<\/h5>\n\n\n\n<div class=\"wp-block-media-text alignfull\" style=\"grid-template-columns:20% auto\"><figure class=\"wp-block-media-text__media\"><img loading=\"lazy\" width=\"1024\" height=\"768\" src=\"https:\/\/rr408.freudenstadt.church\/wp-content\/uploads\/2021\/01\/IMG_3861-1024x768.jpg\" alt=\"\" class=\"wp-image-700 size-full\" srcset=\"https:\/\/rr408.freudenstadt.church\/wp-content\/uploads\/2021\/01\/IMG_3861-1024x768.jpg 1024w, https:\/\/rr408.freudenstadt.church\/wp-content\/uploads\/2021\/01\/IMG_3861-300x225.jpg 300w, https:\/\/rr408.freudenstadt.church\/wp-content\/uploads\/2021\/01\/IMG_3861-768x576.jpg 768w, https:\/\/rr408.freudenstadt.church\/wp-content\/uploads\/2021\/01\/IMG_3861-1536x1152.jpg 1536w, https:\/\/rr408.freudenstadt.church\/wp-content\/uploads\/2021\/01\/IMG_3861-2048x1536.jpg 2048w, https:\/\/rr408.freudenstadt.church\/wp-content\/uploads\/2021\/01\/IMG_3861-16x12.jpg 16w, https:\/\/rr408.freudenstadt.church\/wp-content\/uploads\/2021\/01\/IMG_3861-830x623.jpg 830w, https:\/\/rr408.freudenstadt.church\/wp-content\/uploads\/2021\/01\/IMG_3861-230x173.jpg 230w, https:\/\/rr408.freudenstadt.church\/wp-content\/uploads\/2021\/01\/IMG_3861-350x263.jpg 350w, https:\/\/rr408.freudenstadt.church\/wp-content\/uploads\/2021\/01\/IMG_3861-480x360.jpg 480w\" sizes=\"(max-width: 1024px) 100vw, 1024px\" \/><\/figure><div class=\"wp-block-media-text__content\">\n<p class=\"has-normal-font-size\">Als Pfadfinder lernen wir Verantwortung zu \u00fcbernehmen. Einzelne  Programmpunkte werden nun von uns selbst geplant und geleitet. Ab 14  Jahren er\u00f6ffnet sich f\u00fcr uns die M\u00f6glichkeit, das Gelernte in einer  Ausbildung zum Juniorleiter umzusetzen. <\/p>\n<\/div><\/div>","protected":false},"excerpt":{"rendered":"<p>Pfadfinder bist du ab 12 Jahren. Weites Land Camps zu bew\u00e4ltigen sind wir gew\u00f6hnt. Jetzt brechen wir auf, um bei Hajks und Fahrten neu herausgefordert zu werden. Die Lilien &#8211; Bronze, Silver, Gold F\u00fcr unser gro\u00dfes Ziel, die Goldlilie, k\u00f6nnen wir eigene Schwerpunkte jetzt selbst w\u00e4hlen. Die Themen erstrecken sich \u00fcber Bereiche wie z.B. Sport, [&hellip;]<\/p>","protected":false},"author":1,"featured_media":0,"parent":0,"menu_order":0,"comment_status":"closed","ping_status":"closed","template":"","meta":[],"_links":{"self":[{"href":"https:\/\/rr408.freudenstadt.church\/en_us\/wp-json\/wp\/v2\/pages\/155"}],"collection":[{"href":"https:\/\/rr408.freudenstadt.church\/en_us\/wp-json\/wp\/v2\/pages"}],"about":[{"href":"https:\/\/rr408.freudenstadt.church\/en_us\/wp-json\/wp\/v2\/types\/page"}],"author":[{"embeddable":true,"href":"https:\/\/rr408.freudenstadt.church\/en_us\/wp-json\/wp\/v2\/users\/1"}],"replies":[{"embeddable":true,"href":"https:\/\/rr408.freudenstadt.church\/en_us\/wp-json\/wp\/v2\/comments?post=155"}],"version-history":[{"count":11,"href":"https:\/\/rr408.freudenstadt.church\/en_us\/wp-json\/wp\/v2\/pages\/155\/revisions"}],"predecessor-version":[{"id":703,"href":"https:\/\/rr408.freudenstadt.church\/en_us\/wp-json\/wp\/v2\/pages\/155\/revisions\/703"}],"wp:attachment":[{"href":"https:\/\/rr408.freudenstadt.church\/en_us\/wp-json\/wp\/v2\/media?parent=155"}],"curies":[{"name":"wp","href":"https:\/\/api.w.org\/{rel}","templated":true}]}}