{"id":160,"date":"2019-07-22T14:00:19","date_gmt":"2019-07-22T13:00:19","guid":{"rendered":"https:\/\/rr408.freudenstadt.church\/?page_id=160"},"modified":"2021-01-26T00:36:09","modified_gmt":"2021-01-25T23:36:09","slug":"pfadranger","status":"publish","type":"page","link":"https:\/\/rr408.freudenstadt.church\/en_us\/pfadranger","title":{"rendered":"Pfadranger"},"content":{"rendered":"<p>Pfadranger bist du ab 15 Jahren.<\/p>\n\n\n\n<h5>Grenzenlos<\/h5>\n\n\n\n<div class=\"wp-block-media-text alignfull\" style=\"grid-template-columns:20% auto\"><figure class=\"wp-block-media-text__media\"><img loading=\"lazy\" width=\"1024\" height=\"768\" src=\"https:\/\/rr408.freudenstadt.church\/wp-content\/uploads\/2021\/01\/IMG_4256-1024x768.jpg\" alt=\"\" class=\"wp-image-682 size-full\" srcset=\"https:\/\/rr408.freudenstadt.church\/wp-content\/uploads\/2021\/01\/IMG_4256-1024x768.jpg 1024w, https:\/\/rr408.freudenstadt.church\/wp-content\/uploads\/2021\/01\/IMG_4256-300x225.jpg 300w, https:\/\/rr408.freudenstadt.church\/wp-content\/uploads\/2021\/01\/IMG_4256-768x576.jpg 768w, https:\/\/rr408.freudenstadt.church\/wp-content\/uploads\/2021\/01\/IMG_4256-16x12.jpg 16w, https:\/\/rr408.freudenstadt.church\/wp-content\/uploads\/2021\/01\/IMG_4256-830x623.jpg 830w, https:\/\/rr408.freudenstadt.church\/wp-content\/uploads\/2021\/01\/IMG_4256-230x173.jpg 230w, https:\/\/rr408.freudenstadt.church\/wp-content\/uploads\/2021\/01\/IMG_4256-350x263.jpg 350w, https:\/\/rr408.freudenstadt.church\/wp-content\/uploads\/2021\/01\/IMG_4256-480x360.jpg 480w, https:\/\/rr408.freudenstadt.church\/wp-content\/uploads\/2021\/01\/IMG_4256-rotated.jpg 1280w\" sizes=\"(max-width: 1024px) 100vw, 1024px\" \/><\/figure><div class=\"wp-block-media-text__content\">\n<p class=\"has-normal-font-size\">Als Pfadranger erleben wir eine echt coole Zeit. Eigene Aktionen wie Hajks und Camps werden genauso zu herausfordernden Projekten, wie der  Dienst an unseren Mitmenschen und der Gesellschaft. <\/p>\n<\/div><\/div>\n\n\n\n<hr class=\"wp-block-separator\"\/>\n\n\n\n<h5>Navigator und RIDEs<\/h5>\n\n\n\n<div class=\"wp-block-media-text alignfull has-media-on-the-right\" style=\"grid-template-columns:auto 20%\"><figure class=\"wp-block-media-text__media\"><img loading=\"lazy\" width=\"768\" height=\"1024\" src=\"https:\/\/rr408.freudenstadt.church\/wp-content\/uploads\/2021\/01\/IMG_3950-768x1024.jpg\" alt=\"\" class=\"wp-image-684 size-full\" srcset=\"https:\/\/rr408.freudenstadt.church\/wp-content\/uploads\/2021\/01\/IMG_3950-768x1024.jpg 768w, https:\/\/rr408.freudenstadt.church\/wp-content\/uploads\/2021\/01\/IMG_3950-225x300.jpg 225w, https:\/\/rr408.freudenstadt.church\/wp-content\/uploads\/2021\/01\/IMG_3950-1152x1536.jpg 1152w, https:\/\/rr408.freudenstadt.church\/wp-content\/uploads\/2021\/01\/IMG_3950-1536x2048.jpg 1536w, https:\/\/rr408.freudenstadt.church\/wp-content\/uploads\/2021\/01\/IMG_3950-9x12.jpg 9w, https:\/\/rr408.freudenstadt.church\/wp-content\/uploads\/2021\/01\/IMG_3950-830x1107.jpg 830w, https:\/\/rr408.freudenstadt.church\/wp-content\/uploads\/2021\/01\/IMG_3950-230x307.jpg 230w, https:\/\/rr408.freudenstadt.church\/wp-content\/uploads\/2021\/01\/IMG_3950-350x467.jpg 350w, https:\/\/rr408.freudenstadt.church\/wp-content\/uploads\/2021\/01\/IMG_3950-480x640.jpg 480w, https:\/\/rr408.freudenstadt.church\/wp-content\/uploads\/2021\/01\/IMG_3950-scaled.jpg 1920w\" sizes=\"(max-width: 768px) 100vw, 768px\" \/><\/figure><div class=\"wp-block-media-text__content\">\n<p class=\"has-normal-font-size\">Durch unsere Navigator Pr\u00fcfung sind wir herausgefordert, anderen  Menschen unter die Arme zu greifen. Vor Ort in unserem Stamm oder in  fremden L\u00e4ndern wollen wir mit RIDEs eine echte Unterst\u00fctzung sein. <\/p>\n<\/div><\/div>\n\n\n\n<hr class=\"wp-block-separator\"\/>\n\n\n\n<h5>Juniorleiter<\/h5>\n\n\n\n<div class=\"wp-block-media-text alignfull\" style=\"grid-template-columns:20% auto\"><figure class=\"wp-block-media-text__media\"><img loading=\"lazy\" width=\"1024\" height=\"768\" src=\"https:\/\/rr408.freudenstadt.church\/wp-content\/uploads\/2021\/01\/IMG_3274-1024x768.jpg\" alt=\"\" class=\"wp-image-687 size-full\" srcset=\"https:\/\/rr408.freudenstadt.church\/wp-content\/uploads\/2021\/01\/IMG_3274-1024x768.jpg 1024w, https:\/\/rr408.freudenstadt.church\/wp-content\/uploads\/2021\/01\/IMG_3274-300x225.jpg 300w, https:\/\/rr408.freudenstadt.church\/wp-content\/uploads\/2021\/01\/IMG_3274-768x576.jpg 768w, https:\/\/rr408.freudenstadt.church\/wp-content\/uploads\/2021\/01\/IMG_3274-1536x1152.jpg 1536w, https:\/\/rr408.freudenstadt.church\/wp-content\/uploads\/2021\/01\/IMG_3274-2048x1536.jpg 2048w, https:\/\/rr408.freudenstadt.church\/wp-content\/uploads\/2021\/01\/IMG_3274-16x12.jpg 16w, https:\/\/rr408.freudenstadt.church\/wp-content\/uploads\/2021\/01\/IMG_3274-830x623.jpg 830w, https:\/\/rr408.freudenstadt.church\/wp-content\/uploads\/2021\/01\/IMG_3274-230x173.jpg 230w, https:\/\/rr408.freudenstadt.church\/wp-content\/uploads\/2021\/01\/IMG_3274-350x263.jpg 350w, https:\/\/rr408.freudenstadt.church\/wp-content\/uploads\/2021\/01\/IMG_3274-480x360.jpg 480w\" sizes=\"(max-width: 1024px) 100vw, 1024px\" \/><\/figure><div class=\"wp-block-media-text__content\">\n<p class=\"has-normal-font-size\">Als Juniorleiter \u00fcbernehmen wir selbst Verantwortung und lernen andere zu leiten. Das ist ein wichtiger Teil unserer Pfadrangerzeit, bei dem wir zeigen, was in uns steckt. Hier werden wir als Mensch ernst  genommen. <\/p>\n<\/div><\/div>","protected":false},"excerpt":{"rendered":"<p>Pfadranger bist du ab 15 Jahren. Grenzenlos Als Pfadranger erleben wir eine echt coole Zeit. Eigene Aktionen wie Hajks und Camps werden genauso zu herausfordernden Projekten, wie der Dienst an unseren Mitmenschen und der Gesellschaft. Navigator und RIDEs Durch unsere Navigator Pr\u00fcfung sind wir herausgefordert, anderen Menschen unter die Arme zu greifen. Vor Ort in [&hellip;]<\/p>","protected":false},"author":1,"featured_media":0,"parent":0,"menu_order":0,"comment_status":"closed","ping_status":"closed","template":"","meta":[],"_links":{"self":[{"href":"https:\/\/rr408.freudenstadt.church\/en_us\/wp-json\/wp\/v2\/pages\/160"}],"collection":[{"href":"https:\/\/rr408.freudenstadt.church\/en_us\/wp-json\/wp\/v2\/pages"}],"about":[{"href":"https:\/\/rr408.freudenstadt.church\/en_us\/wp-json\/wp\/v2\/types\/page"}],"author":[{"embeddable":true,"href":"https:\/\/rr408.freudenstadt.church\/en_us\/wp-json\/wp\/v2\/users\/1"}],"replies":[{"embeddable":true,"href":"https:\/\/rr408.freudenstadt.church\/en_us\/wp-json\/wp\/v2\/comments?post=160"}],"version-history":[{"count":10,"href":"https:\/\/rr408.freudenstadt.church\/en_us\/wp-json\/wp\/v2\/pages\/160\/revisions"}],"predecessor-version":[{"id":688,"href":"https:\/\/rr408.freudenstadt.church\/en_us\/wp-json\/wp\/v2\/pages\/160\/revisions\/688"}],"wp:attachment":[{"href":"https:\/\/rr408.freudenstadt.church\/en_us\/wp-json\/wp\/v2\/media?parent=160"}],"curies":[{"name":"wp","href":"https:\/\/api.w.org\/{rel}","templated":true}]}}