{"id":35,"date":"2018-12-07T21:27:13","date_gmt":"2018-12-07T20:27:13","guid":{"rendered":"https:\/\/rr408.freudenstadt.church\/?page_id=35"},"modified":"2021-01-29T00:23:22","modified_gmt":"2021-01-28T23:23:22","slug":"sei-royal","status":"publish","type":"page","link":"https:\/\/rr408.freudenstadt.church\/en_us\/sei-royal","title":{"rendered":"Be royal"},"content":{"rendered":"<p><em><strong>&#8220;Royal&#8221;<\/strong><\/em> is an English term. We see ourselves as disciples of the most high king - God, the father, the son and the Holy Spirit. So royal is our identity. This kind of discipleship touches all areas of our lifes. The Royal Rangers principles, which are mostly found in our emblem, express that. Step by step each child will earn different merits according to his age which will empower and equip him. For that they will be rewarded with badges that they can sow on their uniform. \nAll Rangers from Kundschafter on (9 years and older) first pass the entrance exam. Once  a new Ranger remembers all the required content, is at least 9 years old and has been to the Ranger meetings for at least three times, the entrance exam is completed and the Royal Rangers Emblem can be worn officially.<\/p>\n\n\n\n<hr class=\"wp-block-separator\"\/>\n\n\n\n<h5 class=\"has-text-align-left\">Pledge<\/h5>\n\n\n\n<div class=\"wp-block-media-text alignfull has-media-on-the-right\" style=\"grid-template-columns:auto 39%\"><figure class=\"wp-block-media-text__media\"><img loading=\"lazy\" width=\"1024\" height=\"810\" src=\"https:\/\/rr408.freudenstadt.church\/wp-content\/uploads\/2020\/04\/DSC05407-scaled-e1588201276561-1024x810.jpg\" alt=\"\" class=\"wp-image-366 size-full\" srcset=\"https:\/\/rr408.freudenstadt.church\/wp-content\/uploads\/2020\/04\/DSC05407-scaled-e1588201276561-1024x810.jpg 1024w, https:\/\/rr408.freudenstadt.church\/wp-content\/uploads\/2020\/04\/DSC05407-scaled-e1588201276561-300x237.jpg 300w, https:\/\/rr408.freudenstadt.church\/wp-content\/uploads\/2020\/04\/DSC05407-scaled-e1588201276561-768x608.jpg 768w, https:\/\/rr408.freudenstadt.church\/wp-content\/uploads\/2020\/04\/DSC05407-scaled-e1588201276561-1536x1216.jpg 1536w, https:\/\/rr408.freudenstadt.church\/wp-content\/uploads\/2020\/04\/DSC05407-scaled-e1588201276561-830x657.jpg 830w, https:\/\/rr408.freudenstadt.church\/wp-content\/uploads\/2020\/04\/DSC05407-scaled-e1588201276561-230x182.jpg 230w, https:\/\/rr408.freudenstadt.church\/wp-content\/uploads\/2020\/04\/DSC05407-scaled-e1588201276561-350x277.jpg 350w, https:\/\/rr408.freudenstadt.church\/wp-content\/uploads\/2020\/04\/DSC05407-scaled-e1588201276561-480x380.jpg 480w, https:\/\/rr408.freudenstadt.church\/wp-content\/uploads\/2020\/04\/DSC05407-scaled-e1588201276561.jpg 1875w\" sizes=\"(max-width: 1024px) 100vw, 1024px\" \/><\/figure><div class=\"wp-block-media-text__content\">\n<p class=\"has-normal-font-size\">With God\u00b4s help, I will do my best to serve God, my church, and my fellowman; to live by the Ranger Code; to make the Golden Rule my daily rule.&nbsp; <\/p>\n<\/div><\/div>\n\n\n\n<hr class=\"wp-block-separator\"\/>\n\n\n\n<h5 class=\"has-text-align-left\">Golden Rule<\/h5>\n\n\n\n<div class=\"wp-block-media-text alignfull\" style=\"grid-template-columns:26% auto\"><figure class=\"wp-block-media-text__media\"><img loading=\"lazy\" width=\"768\" height=\"1024\" src=\"https:\/\/rr408.freudenstadt.church\/wp-content\/uploads\/2020\/09\/IMG_1409-768x1024.jpg\" alt=\"\" class=\"wp-image-471 size-full\" srcset=\"https:\/\/rr408.freudenstadt.church\/wp-content\/uploads\/2020\/09\/IMG_1409-768x1024.jpg 768w, https:\/\/rr408.freudenstadt.church\/wp-content\/uploads\/2020\/09\/IMG_1409-225x300.jpg 225w, https:\/\/rr408.freudenstadt.church\/wp-content\/uploads\/2020\/09\/IMG_1409-1152x1536.jpg 1152w, https:\/\/rr408.freudenstadt.church\/wp-content\/uploads\/2020\/09\/IMG_1409-1536x2048.jpg 1536w, https:\/\/rr408.freudenstadt.church\/wp-content\/uploads\/2020\/09\/IMG_1409-830x1107.jpg 830w, https:\/\/rr408.freudenstadt.church\/wp-content\/uploads\/2020\/09\/IMG_1409-230x307.jpg 230w, https:\/\/rr408.freudenstadt.church\/wp-content\/uploads\/2020\/09\/IMG_1409-350x467.jpg 350w, https:\/\/rr408.freudenstadt.church\/wp-content\/uploads\/2020\/09\/IMG_1409-480x640.jpg 480w, https:\/\/rr408.freudenstadt.church\/wp-content\/uploads\/2020\/09\/IMG_1409-scaled.jpg 1920w\" sizes=\"(max-width: 768px) 100vw, 768px\" \/><\/figure><div class=\"wp-block-media-text__content\">\n<p class=\"has-normal-font-size\"> <\/p>\n\n\n\n<p class=\"has-text-align-center\"><strong>\"In everything, do to others what you would have them do to you.\"&nbsp; <\/strong><\/p>\n\n\n\n<p class=\"has-text-align-center\">Matthew 7:12<\/p>\n<\/div><\/div>\n\n\n\n<hr class=\"wp-block-separator\"\/>\n\n\n\n<h5 class=\"has-text-align-left\">Emblem<\/h5>\n\n\n\n<div class=\"wp-block-media-text alignfull has-media-on-the-right\" style=\"grid-template-columns:auto 26%\"><figure class=\"wp-block-media-text__media\"><img loading=\"lazy\" width=\"1024\" height=\"928\" src=\"https:\/\/rr408.freudenstadt.church\/wp-content\/uploads\/2019\/07\/Emblem_gestickt-1024x928.png\" alt=\"\" class=\"wp-image-59 size-full\" srcset=\"https:\/\/rr408.freudenstadt.church\/wp-content\/uploads\/2019\/07\/Emblem_gestickt-1024x928.png 1024w, https:\/\/rr408.freudenstadt.church\/wp-content\/uploads\/2019\/07\/Emblem_gestickt-300x272.png 300w, https:\/\/rr408.freudenstadt.church\/wp-content\/uploads\/2019\/07\/Emblem_gestickt-768x696.png 768w, https:\/\/rr408.freudenstadt.church\/wp-content\/uploads\/2019\/07\/Emblem_gestickt-830x752.png 830w, https:\/\/rr408.freudenstadt.church\/wp-content\/uploads\/2019\/07\/Emblem_gestickt-230x208.png 230w, https:\/\/rr408.freudenstadt.church\/wp-content\/uploads\/2019\/07\/Emblem_gestickt-350x317.png 350w, https:\/\/rr408.freudenstadt.church\/wp-content\/uploads\/2019\/07\/Emblem_gestickt-480x435.png 480w, https:\/\/rr408.freudenstadt.church\/wp-content\/uploads\/2019\/07\/Emblem_gestickt.png 1299w\" sizes=\"(max-width: 1024px) 100vw, 1024px\" \/><\/figure><div class=\"wp-block-media-text__content\">\n<p class=\"has-normal-font-size\">Unser Emblem \u2013 ein Stern, der an eine Windrose erinnert \u2013 geht zur\u00fcck auf unseren Gr\u00fcnder Johnnie Barnes. Er zeichnete den ersten RR Stern und gab jeder Zacke ihre Bedeutung. <\/p>\n\n\n\n<p>The four <em><span style=\"color:#fcb900\" class=\"tadv-color\">golden<\/span><\/em> points - four phases of a child\u00b4s development:   <\/p>\n\n\n\n<p>physical, mental, spiritual, social. <\/p>\n\n\n\n<p>The four <em><span style=\"color:#cf2e2e\" class=\"tadv-color\">red <\/span><\/em>points - four cardinal doctrines of the Church: <\/p>\n\n\n\n<p>salvation, baptism in the Holy Spirit, healing, the Second Coming.<\/p>\n\n\n\n<p>The eight <em><span style=\"background-color:#eeeeee\" class=\"tadv-background-color\"><span style=\"color:#0693e3\" class=\"tadv-color\">blue<\/span><\/span><\/em> points - eight points of the Royal Ranger Code:  <\/p>\n\n\n\n<p>alert, clean, honest, courageous, loyal, courteous, obedient, spiritual.<\/p>\n<\/div><\/div>\n\n\n\n<hr class=\"wp-block-separator\"\/>\n\n\n\n<h5 class=\"has-text-align-left\">Our uniform<\/h5>\n\n\n\n<div class=\"wp-block-media-text alignfull is-vertically-aligned-center\" style=\"grid-template-columns:32% auto\"><figure class=\"wp-block-media-text__media\"><img loading=\"lazy\" width=\"775\" height=\"1024\" src=\"https:\/\/rr408.freudenstadt.church\/wp-content\/uploads\/2020\/04\/IMG_8223-scaled-e1588200471996-775x1024.jpg\" alt=\"\" class=\"wp-image-363 size-full\" srcset=\"https:\/\/rr408.freudenstadt.church\/wp-content\/uploads\/2020\/04\/IMG_8223-scaled-e1588200471996-775x1024.jpg 775w, https:\/\/rr408.freudenstadt.church\/wp-content\/uploads\/2020\/04\/IMG_8223-scaled-e1588200471996-227x300.jpg 227w, https:\/\/rr408.freudenstadt.church\/wp-content\/uploads\/2020\/04\/IMG_8223-scaled-e1588200471996-768x1015.jpg 768w, https:\/\/rr408.freudenstadt.church\/wp-content\/uploads\/2020\/04\/IMG_8223-scaled-e1588200471996-830x1097.jpg 830w, https:\/\/rr408.freudenstadt.church\/wp-content\/uploads\/2020\/04\/IMG_8223-scaled-e1588200471996-230x304.jpg 230w, https:\/\/rr408.freudenstadt.church\/wp-content\/uploads\/2020\/04\/IMG_8223-scaled-e1588200471996-350x463.jpg 350w, https:\/\/rr408.freudenstadt.church\/wp-content\/uploads\/2020\/04\/IMG_8223-scaled-e1588200471996-480x635.jpg 480w, https:\/\/rr408.freudenstadt.church\/wp-content\/uploads\/2020\/04\/IMG_8223-scaled-e1588200471996.jpg 975w\" sizes=\"(max-width: 775px) 100vw, 775px\" \/><\/figure><div class=\"wp-block-media-text__content\">\n<p class=\"has-normal-font-size\">Our uniform serves different important tasks within the outpost and in public. It promotes the <em>sense of belonging together<\/em>it helps the Ranger to <em>identify<\/em> easily with the group and <em>integrate himself within it<\/em>it <em>bridges<\/em> social differences and most of all: <strong>it identifies us as Scouts.<\/strong>It connects all scouts worldwide and it is a very resilient piece of clothing at the same time. It is a faithful companion on all our outdoor activities. That\u00b4s why we pay attention to a unitary manner of wearing our uniform and its accessories. Our uniform is not considered as or shouldn\u00b4t be mistaken for a military apparel. We are wearing them regularly to each of our meetings. <\/p>\n\n\n\n<p>You can order your uniform here: <br><strong><a href=\"http:\/\/www.royal-rangers.shop\">www.royal-rangers.shop<\/a><\/strong> <\/p>\n\n\n<\/div><\/div>\n\n\n\n<hr class=\"wp-block-separator\"\/>\n\n\n\n<h5 class=\"has-text-align-left\">Ready!<\/h5>\n\n\n\n<div class=\"wp-block-media-text alignfull has-media-on-the-right\" style=\"grid-template-columns:auto 19%\"><figure class=\"wp-block-media-text__media\"><img src=\"https:\/\/royal-rangers-stralsund.de\/wp-content\/uploads\/2016\/11\/gruss.png\" alt=\"Der Pfadfindergru\u00c3\u009f \u00e2\u0080\u0093 Royal Rangers Stralsund\"\/><\/figure><div class=\"wp-block-media-text__content\">\n<p class=\"has-large-font-size\">Our MOTTO is: <em>Ready!<\/em> As Royal Rangers we are always ready for anything! We are ready to put into practice our Pledge, the Golden Rule and the content of our Emblem.  <\/p>\n<\/div><\/div>\n\n\n\n<p><\/p>","protected":false},"excerpt":{"rendered":"<p>&#8220;Royal&#8221; ist englisch und bedeutet w\u00f6rtlich \u00fcbersetzt &#8220;k\u00f6niglich&#8221;. Wir verstehen uns als Nachfolger des h\u00f6chsten K\u00f6nigs &#8211; Gott, dem Vater, dem Sohn und dem Heiligen Geist. K\u00f6niglich dr\u00fcckt also unsere Identit\u00e4t aus. Diese Nachfolge betrifft alle Bereiche unseres Lebens. Die Grunds\u00e4tze der Royal Rangers, die sich zum gro\u00dfen Teil in unserem Emblem wiederfinden, dr\u00fccken dies [&hellip;]<\/p>","protected":false},"author":1,"featured_media":0,"parent":0,"menu_order":0,"comment_status":"closed","ping_status":"closed","template":"","meta":[],"_links":{"self":[{"href":"https:\/\/rr408.freudenstadt.church\/en_us\/wp-json\/wp\/v2\/pages\/35"}],"collection":[{"href":"https:\/\/rr408.freudenstadt.church\/en_us\/wp-json\/wp\/v2\/pages"}],"about":[{"href":"https:\/\/rr408.freudenstadt.church\/en_us\/wp-json\/wp\/v2\/types\/page"}],"author":[{"embeddable":true,"href":"https:\/\/rr408.freudenstadt.church\/en_us\/wp-json\/wp\/v2\/users\/1"}],"replies":[{"embeddable":true,"href":"https:\/\/rr408.freudenstadt.church\/en_us\/wp-json\/wp\/v2\/comments?post=35"}],"version-history":[{"count":23,"href":"https:\/\/rr408.freudenstadt.church\/en_us\/wp-json\/wp\/v2\/pages\/35\/revisions"}],"predecessor-version":[{"id":717,"href":"https:\/\/rr408.freudenstadt.church\/en_us\/wp-json\/wp\/v2\/pages\/35\/revisions\/717"}],"wp:attachment":[{"href":"https:\/\/rr408.freudenstadt.church\/en_us\/wp-json\/wp\/v2\/media?parent=35"}],"curies":[{"name":"wp","href":"https:\/\/api.w.org\/{rel}","templated":true}]}}