{"id":376,"date":"2020-05-09T01:15:28","date_gmt":"2020-05-09T00:15:28","guid":{"rendered":"https:\/\/rr408.freudenstadt.church\/?page_id=376"},"modified":"2021-10-21T10:54:16","modified_gmt":"2021-10-21T09:54:16","slug":"blog","status":"publish","type":"page","link":"https:\/\/rr408.freudenstadt.church\/en_us\/blog","title":{"rendered":"Blog"},"content":{"rendered":"<div class=\"wp-block-group\"><div class=\"wp-block-group__inner-container\">\n<p>On this page you\u00b4ll find the most recent blog entries concerning our Ranger outings, meetings, church activities and camps!&nbsp;<\/p>\n\n\n\n<h4><a href=\"https:\/\/rr408.freudenstadt.church\/en_us\/category\/auf-fahrt\/\">On voyage!<\/a><\/h4>\n\n\n<ul class=\"wp-block-latest-posts__list has-dates alignfull wp-block-latest-posts\"><li><a href=\"https:\/\/rr408.freudenstadt.church\/en_us\/delfine-auf-fahrt\">Delfine auf Fahrt!<\/a><time datetime=\"2021-02-04T23:40:34+01:00\" class=\"wp-block-latest-posts__post-date\">February 4, 2021<\/time><div class=\"wp-block-latest-posts__post-excerpt\">Ein weiteres Team auf Fahrt waren unsere Delfine- das zweite unserer Pfadfinder M\u00e4dels Teams. Am hei\u00dfesten Tag des Jahres (!!!) legten sie gen\u00fcgend Kilometer (mit Gep\u00e4ck!) zur\u00fcck, um f\u00fcr ihre n\u00e4chste Pr\u00fcfung einen weiteren Haken zu sammeln. Von Hallwangen durch das wundersch\u00f6ne Zinsbachtal, einem dringend ben\u00f6tigten Stop bei ALDI (Wasser;), eine \u00dcbernachtung im selbstgebauten Biwak [&hellip;]<\/div><\/li>\n<li><div class=\"wp-block-latest-posts__featured-image\"><img width=\"150\" height=\"150\" src=\"https:\/\/rr408.freudenstadt.church\/wp-content\/uploads\/2021\/02\/IMG_3970-150x150.jpg\" class=\"attachment-thumbnail size-thumbnail wp-post-image\" alt=\"\" loading=\"lazy\" style=\"\" \/><\/div><a href=\"https:\/\/rr408.freudenstadt.church\/en_us\/pfadfinder-hajk-in-der-saechsischen-schweiz\">Pfadfinder Hajk in der S\u00e4chsischen Schweiz<\/a><time datetime=\"2021-02-04T22:56:57+01:00\" class=\"wp-block-latest-posts__post-date\">February 4, 2021<\/time><div class=\"wp-block-latest-posts__post-excerpt\">Der Sommer 2020 war gepr\u00e4gt von einzelnen Aktionen im Team. Und so machten sich die Schneef\u00fcchse auf den Weg in die S\u00e4chsische Schweiz, um viiiiiele Kilometer und noch mehr H\u00f6henmeter hinter sich zu bringen. Wundersch\u00f6ne Natur, atemberaubende Aussichten, Gemeinschaft, Freude, Gel\u00e4chter, Schlafen unter dem Vollmond &#8230; und schwei\u00dftreibende H\u00f6henmeter machten die Tage unterwegs unvergesslich.\u00a0<\/div><\/li>\n<\/ul>\n\n\n<p>Would you like to have a look at older entries? <a href=\"https:\/\/rr408.freudenstadt.church\/en_us\/category\/auf-fahrt\/\">On voyage!<\/a><\/p>\n\n\n\n<h4><a href=\"https:\/\/rr408.freudenstadt.church\/en_us\/category\/stammleben\/\">Life as an outpost <\/a><\/h4>\n\n\n<ul class=\"wp-block-latest-posts__list has-dates alignfull wp-block-latest-posts\"><li><a href=\"https:\/\/rr408.freudenstadt.church\/en_us\/jahresrueckblick-2020\">Jahresr\u00fcckblick 2020<\/a><time datetime=\"2021-01-29T11:46:04+01:00\" class=\"wp-block-latest-posts__post-date\">January 29, 2021<\/time><div class=\"wp-block-latest-posts__post-excerpt\">https:\/\/drive.google.com\/file\/d\/1W0c48ICmiwGOz4Lah0xxPCQP6SUa-BTQ\/view?fbclid=IwAR3OO6h77XVMy9dqLCCdjogMyQlA3pHbqP5_y0hBxPbUqWJvqkq5WY9x7e8<\/div><\/li>\n<li><a href=\"https:\/\/rr408.freudenstadt.church\/en_us\/bibelvers-fuer-2021\">Bibelvers f\u00fcr 2021<\/a><time datetime=\"2021-01-29T11:44:35+01:00\" class=\"wp-block-latest-posts__post-date\">January 29, 2021<\/time><div class=\"wp-block-latest-posts__post-excerpt\"><\/div><\/li>\n<li><div class=\"wp-block-latest-posts__featured-image\"><img width=\"150\" height=\"150\" src=\"https:\/\/rr408.freudenstadt.church\/wp-content\/uploads\/2020\/04\/IMG_8223-scaled-e1588200471996-150x150.jpg\" class=\"attachment-thumbnail size-thumbnail wp-post-image\" alt=\"\" loading=\"lazy\" style=\"\" \/><\/div><a href=\"https:\/\/rr408.freudenstadt.church\/en_us\/stammleben-im-cvjm-plaetzle\">Life as an outpost<\/a><time datetime=\"2020-05-09T01:26:16+01:00\" class=\"wp-block-latest-posts__post-date\">May 9, 2020<\/time><div class=\"wp-block-latest-posts__post-excerpt\">Der Stammtreff den heute die zwei Raffi&#8217;s geleitet haben, fing schon gut an, indem wir mit B\u00e4nken \u00fcber das Eingangstor klettern mussten. Dann ging es los mit dem Appell, bei dem wir Lieder gesungen haben und den Ruf: ALLZEIT BEREIT F\u00dcR JESUS!!! ge\u00fcbt haben, denn um das Thema ging es. Danach starteten wir richtig durch [&hellip;]<\/div><\/li>\n<\/ul><\/div><\/div>\n\n\n\n<p>Willst du \u00e4ltere Eintrage sehen? Zum <a href=\"https:\/\/rr408.freudenstadt.church\/en_us\/category\/stammleben\/\">Stammleben<\/a><\/p>\n\n\n\n<div class=\"wp-block-group\"><div class=\"wp-block-group__inner-container\">\n<div class=\"wp-block-group\"><div class=\"wp-block-group__inner-container\">\n<div class=\"wp-block-group\"><div class=\"wp-block-group__inner-container\">\n<p><a href=\"https:\/\/rr408.freudenstadt.church\/en_us\/category\/rangers-gemeinde\/\" data-type=\"URL\" data-id=\"https:\/\/rr408.freudenstadt.church\/category\/rangers-gemeinde\">Rangers und Gemeinde<\/a><\/p>\n\n\n\n<p>RR Familiengottesdienst <\/p>\n\n\n\n<p>Am Friedrichsturm&nbsp;fand in der Turn- und Festhalle der Familiengottesdienst der Royal Ranger statt. Um 10:30 Uhr ging es los. Wir starteten mit Lobpreis der von der Crossroads International Church geleitet wurde. Mit fetzigen Liedern und Bewegungen starteten wir richtig durch. Die Andacht wurde von unserer Stammleiterin (Franziska K\u00e4lberer) und Renate mit Hilfe von uns Rangern durch ein kleines Theater gemacht. Nach dem 2. Lobpreisteil gab es dann Fleischk\u00e4sweckle mit Salat.&nbsp;<\/p>\n\n\n\n<p>W\u00e4hrend die Kinder den Nachmittag beim Kinderschminken, Fu\u00dfballspielen, Ketten machen, Kreide malen und vieles mehr Spa\u00df den Nachmittag verbringen konnten, haben sich die Eltern zwischen Kaffee und Kuchen gut unterhalten.<\/p>\n<\/div><\/div>\n\n\n\n<p><\/p>\n\n\n\n<div class=\"wp-block-group\"><div class=\"wp-block-group__inner-container\">\n<p>Willst du \u00e4ltere Eintrage sehen? Zu <a href=\"https:\/\/rr408.freudenstadt.church\/en_us\/category\/rangers-gemeinde\/\">Rangers und Gemeinde<\/a><\/p>\n<\/div><\/div>\n\n\n\n<h4><a href=\"https:\/\/rr408.freudenstadt.church\/en_us\/category\/camps\/\">Sommercamps<\/a><\/h4>\n\n\n<ul class=\"wp-block-latest-posts__list has-dates alignfull wp-block-latest-posts\"><li><div class=\"wp-block-latest-posts__featured-image\"><img width=\"150\" height=\"150\" src=\"https:\/\/rr408.freudenstadt.church\/wp-content\/uploads\/2020\/04\/rrA3q-Vorlage1701-b-150x150.jpg\" class=\"attachment-thumbnail size-thumbnail wp-post-image\" alt=\"\" loading=\"lazy\" style=\"\" \/><\/div><a href=\"https:\/\/rr408.freudenstadt.church\/en_us\/somercamp-2019-altensteig\">Somercamp 2019 &#8211; Altensteig<\/a><time datetime=\"2020-05-09T01:27:36+01:00\" class=\"wp-block-latest-posts__post-date\">May 9, 2020<\/time><div class=\"wp-block-latest-posts__post-excerpt\">Viele verbringen die Ferien am Strand, wir auf einem Camp das zwischen Wind und Regen ist! Viele freuen sich aufs Faulenzen, wir freuen uns aufs richtig Anpacken &#8211; aber nicht nur k\u00f6rperlich, sondern auch geistlich &#8211; denn wir packen den Weg mit Jesus Christus an unserer Seite an! Und das haben wir auch dieses Jahr [&hellip;]<\/div><\/li>\n<\/ul><\/div><\/div>\n<\/div><\/div>\n\n\n\n<div class=\"wp-block-group\"><div class=\"wp-block-group__inner-container\"><\/div><\/div>\n\n\n\n<p>Willst du \u00e4ltere Eintrage sehen? Zu den <a href=\"https:\/\/rr408.freudenstadt.church\/en_us\/category\/camps\/\">Camps<\/a><\/p>","protected":false},"excerpt":{"rendered":"<p>Willst du \u00e4ltere Eintrage sehen? Zum Stammleben Willst du \u00e4ltere Eintrage sehen? Zu den Camps<\/p>","protected":false},"author":1,"featured_media":0,"parent":0,"menu_order":0,"comment_status":"closed","ping_status":"closed","template":"","meta":[],"_links":{"self":[{"href":"https:\/\/rr408.freudenstadt.church\/en_us\/wp-json\/wp\/v2\/pages\/376"}],"collection":[{"href":"https:\/\/rr408.freudenstadt.church\/en_us\/wp-json\/wp\/v2\/pages"}],"about":[{"href":"https:\/\/rr408.freudenstadt.church\/en_us\/wp-json\/wp\/v2\/types\/page"}],"author":[{"embeddable":true,"href":"https:\/\/rr408.freudenstadt.church\/en_us\/wp-json\/wp\/v2\/users\/1"}],"replies":[{"embeddable":true,"href":"https:\/\/rr408.freudenstadt.church\/en_us\/wp-json\/wp\/v2\/comments?post=376"}],"version-history":[{"count":19,"href":"https:\/\/rr408.freudenstadt.church\/en_us\/wp-json\/wp\/v2\/pages\/376\/revisions"}],"predecessor-version":[{"id":860,"href":"https:\/\/rr408.freudenstadt.church\/en_us\/wp-json\/wp\/v2\/pages\/376\/revisions\/860"}],"wp:attachment":[{"href":"https:\/\/rr408.freudenstadt.church\/en_us\/wp-json\/wp\/v2\/media?parent=376"}],"curies":[{"name":"wp","href":"https:\/\/api.w.org\/{rel}","templated":true}]}}