{"id":43,"date":"2019-07-22T10:32:55","date_gmt":"2019-07-22T09:32:55","guid":{"rendered":"https:\/\/rr408.freudenstadt.church\/?page_id=43"},"modified":"2021-09-29T14:30:08","modified_gmt":"2021-09-29T13:30:08","slug":"download","status":"publish","type":"page","link":"https:\/\/rr408.freudenstadt.church\/en_us\/download","title":{"rendered":"Download"},"content":{"rendered":"<p>Here you can find all the important and neccessary forms and information you might need for becoming a Ranger!&nbsp;<\/p>\n\n\n\n<hr class=\"wp-block-separator\"\/>\n\n\n\n<h5>Registration form<\/h5>\n\n\n\n<p>Would you like to be a part of us, the outpost 408 in Freudensadt? Would you like to be a Ranger? Then please print off this sign-up sheet, fill it in and bring it along with you to the next meeting.&nbsp;<\/p>\n\n\n\n<div class=\"wp-block-button\"><a class=\"wp-block-button__link\" href=\"https:\/\/rr408.freudenstadt.church\/wp-content\/uploads\/2021\/09\/MitgliegschaftsAnmeldung.pdf\" target=\"_blank\" rel=\"noreferrer noopener\">Download registration form<\/a><\/div>\n\n\n\n<hr class=\"wp-block-separator\"\/>\n\n\n\n<h5>entrance exam<\/h5>\n\n\n\n<p>Do you know the \"Golden Rule\"? The Royal Rangers pledge? In order to be allowed to have the Royal Rangers emblem on your shirt you should be able to name the meaning of all the emblem\u00b4s points as well as the mentioned above. Here you\u00b4ll find everything in short.<\/p>\n\n\n\n<div class=\"wp-block-button\"><a class=\"wp-block-button__link\" href=\"https:\/\/rr408.freudenstadt.church\/wp-content\/uploads\/2021\/09\/Die-Bedeutung-des-Royal-Rangers-Emblems.pdf\" target=\"_blank\" rel=\"noreferrer noopener\">Download info for entrance exam<\/a><\/div>\n\n\n\n<hr class=\"wp-block-separator\"\/>\n\n\n\n<h5>Badges<\/h5>\n\n\n\n<p>Du bist nun ein Royal Ranger und m\u00f6chtest eine Kluft tragen? Dann hast du zwei M\u00f6glichkeiten:<\/p>\n<ol>\n<li>Schau dich in unserem RR Shop um und bestelle dir deine Kluft dort gleich selbst (hier gibt es auch viele andere n\u00fctzliche und sch\u00f6ne Dinge rund ums RangerSein;)\u00a0<a href=\"https:\/\/www.royal-rangers.shop\/\">https:\/\/www.royal-rangers.shop\/<\/a><\/li>\n<li>Schreibe eine Mail an Susanne Heinzelmann und teile uns deine ben\u00f6tigte Gr\u00f6\u00dfe mit. Susanne bestellt dann gerne alles f\u00fcr dich. Au\u00dferdem bekommst du von ihr auch alle ben\u00f6tigten Aufn\u00e4her f\u00fcr deine Kluft.\u00a0 \u00a0 <strong><span style=\"color: #339966;\">susiheinzelmann@gmx.de<\/span><\/strong>\u00a0<\/li>\n<\/ol>\n<p>Du hast deine Kluft und die Aufn\u00e4her und fragst dich was nun?\u00a0<\/p>\n<p>Does the RR emblem go on the right or the left arm? Where does my recently earned badge go? On which pocket does the camp badge need to be fixed? Lots of questions... here you\u00b4ll find answers;).\u00a0<\/p>\n\n\n\n<div class=\"wp-block-button\"><a class=\"wp-block-button__link\" href=\"https:\/\/rr408.freudenstadt.church\/wp-content\/uploads\/2021\/09\/Die-Kluft.pdf\" target=\"_blank\" rel=\"noreferrer noopener\">Our uniform<\/a><\/div>","protected":false},"excerpt":{"rendered":"<p>Hier findest du alle wichtigen und n\u00fctzlichen Formulare und Informationen rund um das Ranger-Sein!&nbsp; Anmeldeformular M\u00f6chtest du verbindlich zu uns, dem Stamm 408 in Freudenstadt, geh\u00f6ren und von nun ein Royal Ranger sein? Dann drucke das Anmeldeformular aus, f\u00fclle es aus und bring es zum n\u00e4chsten Treff unterschrieben mit.&nbsp; Aufnahmepr\u00fcfung Kennst du die &#8220;Goldene Regel&#8221;? [&hellip;]<\/p>","protected":false},"author":1,"featured_media":0,"parent":0,"menu_order":0,"comment_status":"closed","ping_status":"closed","template":"","meta":[],"_links":{"self":[{"href":"https:\/\/rr408.freudenstadt.church\/en_us\/wp-json\/wp\/v2\/pages\/43"}],"collection":[{"href":"https:\/\/rr408.freudenstadt.church\/en_us\/wp-json\/wp\/v2\/pages"}],"about":[{"href":"https:\/\/rr408.freudenstadt.church\/en_us\/wp-json\/wp\/v2\/types\/page"}],"author":[{"embeddable":true,"href":"https:\/\/rr408.freudenstadt.church\/en_us\/wp-json\/wp\/v2\/users\/1"}],"replies":[{"embeddable":true,"href":"https:\/\/rr408.freudenstadt.church\/en_us\/wp-json\/wp\/v2\/comments?post=43"}],"version-history":[{"count":21,"href":"https:\/\/rr408.freudenstadt.church\/en_us\/wp-json\/wp\/v2\/pages\/43\/revisions"}],"predecessor-version":[{"id":851,"href":"https:\/\/rr408.freudenstadt.church\/en_us\/wp-json\/wp\/v2\/pages\/43\/revisions\/851"}],"wp:attachment":[{"href":"https:\/\/rr408.freudenstadt.church\/en_us\/wp-json\/wp\/v2\/media?parent=43"}],"curies":[{"name":"wp","href":"https:\/\/api.w.org\/{rel}","templated":true}]}}