{"id":45,"date":"2019-07-22T12:00:04","date_gmt":"2019-07-22T11:00:04","guid":{"rendered":"https:\/\/rr408.freudenstadt.church\/?page_id=45"},"modified":"2021-02-23T03:09:46","modified_gmt":"2021-02-23T02:09:46","slug":"ueber-uns","status":"publish","type":"page","link":"https:\/\/rr408.freudenstadt.church\/en_us\/ueber-uns","title":{"rendered":"About us"},"content":{"rendered":"<h3 style=\"text-align: center;\">Who are the <span style=\"color: #993300;\">Royal Rangers<\/span>?&nbsp;<\/h3>\n<p>Royal Rangers are a scout movement worldwide that was founded in the USA and has been adapted in many countries all over the world by now.<\/p>\n<p>We\u00b4ve been rooted in Germany for 40 years by now. It\u00b4s our goal to  equip and empower kids and teens in a wholistic and activity-based way embedded in nature. Our concept unites two passions: nature and Jesus Christ.<\/p>\n<p>Therefore the kids and teens aren\u00b4t just learning how to handle maps, the compass, knots, fire and co. They will also discover that God has a plan for his creation and his creatures - for every single one of us!<\/p>\n<p>All of this takes place in the community of a team which itself is part of an outpost, lead by the principle of considering the other person better than oneself.<\/p>\n\n\n\n<hr class=\"wp-block-separator\"\/>\n\n\n\n<h4>Our outpost<\/h4>\n\n\n\n<h5>Goal<\/h5>\n\n\n\n<h4 style=\"text-align: right;\"><strong>GROWING BY SERVING&nbsp;<\/strong><\/h4>\n<p>The outpost 408 is one of two outposts in Freudenstadt. Our staff is part of the Crossroads International Church (evangelical pentecostal Church of God). Our motivation is based on the Royal Rangers\u00b4 foundation: <em>Growing by serving!<\/em>We believe that an encounter with Jesus Christ is the best that could ever happen to you.&nbsp;<\/p>\n<p>It\u00b4s important to us that EVERYONE feels welcomed. Noone will be forced to belief. Our faith is reflected in our life style and is passed on by sharing our testimonies and experiences.<\/p>\n\n\n\n<hr class=\"wp-block-separator\"\/>\n\n\n\n<h5>meeting times<\/h5>\n\n\n\n<p>We meet on a weekly bases (except for vacation times or public holidays):<\/p>\n\n\n\n<p>Fridays 4:30 pm to 6:30 pm<br>CVJM Pl\u00e4tzle<br>Am Kohlst\u00e4tter Hardt 20<br>72250 Freudenstadt <\/p>\n\n\n\n<p>For further information about our dates please have a look at our calender or get in touch with us.<\/p>\n\n\n\n<hr class=\"wp-block-separator\"\/>\n\n\n\n<h5>Spenden<\/h5>\n\n\n\n<p>Unsere Stamm freut sich \u00fcber jede Unterst\u00fctzung, die an diesem Ziel landen kann:<\/p>\n\n\n\n<p>Crossroads Church<br>DE49 6990 4456 3348 34<\/p>\n\n\n\n<hr class=\"wp-block-separator\"\/>\n\n\n\n<h5>Outpost structure<\/h5>\n\n\n\n\n\n<div class=\"wp-block-media-text alignwide\" style=\"grid-template-columns:26% auto\"><figure class=\"wp-block-media-text__media\"><img loading=\"lazy\" width=\"1024\" height=\"768\" src=\"https:\/\/rr408.freudenstadt.church\/wp-content\/uploads\/2020\/09\/IMG_6363-1024x768.jpg\" alt=\"\" class=\"wp-image-539 size-full\" srcset=\"https:\/\/rr408.freudenstadt.church\/wp-content\/uploads\/2020\/09\/IMG_6363-1024x768.jpg 1024w, https:\/\/rr408.freudenstadt.church\/wp-content\/uploads\/2020\/09\/IMG_6363-300x225.jpg 300w, https:\/\/rr408.freudenstadt.church\/wp-content\/uploads\/2020\/09\/IMG_6363-768x576.jpg 768w, https:\/\/rr408.freudenstadt.church\/wp-content\/uploads\/2020\/09\/IMG_6363-1536x1152.jpg 1536w, https:\/\/rr408.freudenstadt.church\/wp-content\/uploads\/2020\/09\/IMG_6363-2048x1536.jpg 2048w, https:\/\/rr408.freudenstadt.church\/wp-content\/uploads\/2020\/09\/IMG_6363-830x623.jpg 830w, https:\/\/rr408.freudenstadt.church\/wp-content\/uploads\/2020\/09\/IMG_6363-230x173.jpg 230w, https:\/\/rr408.freudenstadt.church\/wp-content\/uploads\/2020\/09\/IMG_6363-350x263.jpg 350w, https:\/\/rr408.freudenstadt.church\/wp-content\/uploads\/2020\/09\/IMG_6363-480x360.jpg 480w\" sizes=\"(max-width: 1024px) 100vw, 1024px\" \/><\/figure><div class=\"wp-block-media-text__content\">\n<p class=\"has-large-font-size\">Senior Commander<\/p>\n\n\n\n<p>Jesus Christ<br>Only a prayer away<\/p>\n<\/div><\/div>\n\n\n\n<p><\/p>\n\n\n\n<div class=\"wp-block-media-text alignwide\" style=\"grid-template-columns:26% auto\"><figure class=\"wp-block-media-text__media\"><img loading=\"lazy\" width=\"576\" height=\"1024\" src=\"https:\/\/rr408.freudenstadt.church\/wp-content\/uploads\/2020\/09\/EQCE2442-576x1024.jpg\" alt=\"\" class=\"wp-image-535 size-full\" srcset=\"https:\/\/rr408.freudenstadt.church\/wp-content\/uploads\/2020\/09\/EQCE2442-576x1024.jpg 576w, https:\/\/rr408.freudenstadt.church\/wp-content\/uploads\/2020\/09\/EQCE2442-169x300.jpg 169w, https:\/\/rr408.freudenstadt.church\/wp-content\/uploads\/2020\/09\/EQCE2442-768x1365.jpg 768w, https:\/\/rr408.freudenstadt.church\/wp-content\/uploads\/2020\/09\/EQCE2442-864x1536.jpg 864w, https:\/\/rr408.freudenstadt.church\/wp-content\/uploads\/2020\/09\/EQCE2442-830x1476.jpg 830w, https:\/\/rr408.freudenstadt.church\/wp-content\/uploads\/2020\/09\/EQCE2442-230x409.jpg 230w, https:\/\/rr408.freudenstadt.church\/wp-content\/uploads\/2020\/09\/EQCE2442-350x622.jpg 350w, https:\/\/rr408.freudenstadt.church\/wp-content\/uploads\/2020\/09\/EQCE2442-480x853.jpg 480w, https:\/\/rr408.freudenstadt.church\/wp-content\/uploads\/2020\/09\/EQCE2442.jpg 900w\" sizes=\"(max-width: 576px) 100vw, 576px\" \/><\/figure><div class=\"wp-block-media-text__content\">\n<p class=\"has-large-font-size\">Commander<\/p>\n\n\n\n<p>Franziska K\u00e4lberer<br><a href=\"mailto:franziska.kaelberer@web.de\">franziska.kaelberer@web.de<\/a><br>0151 70878667<\/p>\n\n\n<\/div><\/div>\n\n\n\n<p><\/p>\n\n\n\n<div class=\"wp-block-media-text alignwide\" style=\"grid-template-columns:26% auto\"><figure class=\"wp-block-media-text__media\"><img loading=\"lazy\" width=\"1024\" height=\"768\" src=\"https:\/\/rr408.freudenstadt.church\/wp-content\/uploads\/2020\/09\/IMG_6499-1024x768.jpg\" alt=\"\" class=\"wp-image-542 size-full\" srcset=\"https:\/\/rr408.freudenstadt.church\/wp-content\/uploads\/2020\/09\/IMG_6499-1024x768.jpg 1024w, https:\/\/rr408.freudenstadt.church\/wp-content\/uploads\/2020\/09\/IMG_6499-300x225.jpg 300w, https:\/\/rr408.freudenstadt.church\/wp-content\/uploads\/2020\/09\/IMG_6499-768x576.jpg 768w, https:\/\/rr408.freudenstadt.church\/wp-content\/uploads\/2020\/09\/IMG_6499-830x623.jpg 830w, https:\/\/rr408.freudenstadt.church\/wp-content\/uploads\/2020\/09\/IMG_6499-230x173.jpg 230w, https:\/\/rr408.freudenstadt.church\/wp-content\/uploads\/2020\/09\/IMG_6499-350x263.jpg 350w, https:\/\/rr408.freudenstadt.church\/wp-content\/uploads\/2020\/09\/IMG_6499-480x360.jpg 480w, https:\/\/rr408.freudenstadt.church\/wp-content\/uploads\/2020\/09\/IMG_6499.jpg 1280w\" sizes=\"(max-width: 1024px) 100vw, 1024px\" \/><\/figure><div class=\"wp-block-media-text__content\">\n<p class=\"has-large-font-size\">Lieutenant Commander<\/p>\n\n\n\n<p>Martin Reinecker<\/p>\n\n\n<\/div><\/div>\n\n\n\n<p><\/p>\n\n\n\n<div class=\"wp-block-media-text alignwide\" style=\"grid-template-columns:26% auto\"><figure class=\"wp-block-media-text__media\"><img loading=\"lazy\" width=\"1024\" height=\"768\" src=\"https:\/\/rr408.freudenstadt.church\/wp-content\/uploads\/2020\/09\/QSMN2529-1024x768.jpg\" alt=\"\" class=\"wp-image-546 size-full\" srcset=\"https:\/\/rr408.freudenstadt.church\/wp-content\/uploads\/2020\/09\/QSMN2529-1024x768.jpg 1024w, https:\/\/rr408.freudenstadt.church\/wp-content\/uploads\/2020\/09\/QSMN2529-300x225.jpg 300w, https:\/\/rr408.freudenstadt.church\/wp-content\/uploads\/2020\/09\/QSMN2529-768x576.jpg 768w, https:\/\/rr408.freudenstadt.church\/wp-content\/uploads\/2020\/09\/QSMN2529-1536x1153.jpg 1536w, https:\/\/rr408.freudenstadt.church\/wp-content\/uploads\/2020\/09\/QSMN2529-830x623.jpg 830w, https:\/\/rr408.freudenstadt.church\/wp-content\/uploads\/2020\/09\/QSMN2529-230x173.jpg 230w, https:\/\/rr408.freudenstadt.church\/wp-content\/uploads\/2020\/09\/QSMN2529-350x263.jpg 350w, https:\/\/rr408.freudenstadt.church\/wp-content\/uploads\/2020\/09\/QSMN2529-480x360.jpg 480w, https:\/\/rr408.freudenstadt.church\/wp-content\/uploads\/2020\/09\/QSMN2529.jpg 1599w\" sizes=\"(max-width: 1024px) 100vw, 1024px\" \/><\/figure><div class=\"wp-block-media-text__content\">\n<p class=\"has-large-font-size\">Outpost Assistant<\/p>\n\n\n\n<p>Lauren Rapp<\/p>\n<\/div><\/div>\n\n\n\n<hr class=\"wp-block-separator\"\/>\n\n\n\n<h4>Our church<\/h4>\n\n\n\n<p>Each Royal Rangers outpost is a ministry of a church. We are a part of the Crossroads International Church in Freudenstadt. <\/p>\n\n\n\n<div class=\"wp-block-media-text alignwide\" style=\"grid-template-columns:26% auto\"><figure class=\"wp-block-media-text__media\"><img loading=\"lazy\" width=\"682\" height=\"1024\" src=\"https:\/\/rr408.freudenstadt.church\/wp-content\/uploads\/2020\/09\/YIMN0045-682x1024.jpg\" alt=\"\" class=\"wp-image-544 size-full\" srcset=\"https:\/\/rr408.freudenstadt.church\/wp-content\/uploads\/2020\/09\/YIMN0045-682x1024.jpg 682w, https:\/\/rr408.freudenstadt.church\/wp-content\/uploads\/2020\/09\/YIMN0045-200x300.jpg 200w, https:\/\/rr408.freudenstadt.church\/wp-content\/uploads\/2020\/09\/YIMN0045-768x1153.jpg 768w, https:\/\/rr408.freudenstadt.church\/wp-content\/uploads\/2020\/09\/YIMN0045-1023x1536.jpg 1023w, https:\/\/rr408.freudenstadt.church\/wp-content\/uploads\/2020\/09\/YIMN0045-830x1246.jpg 830w, https:\/\/rr408.freudenstadt.church\/wp-content\/uploads\/2020\/09\/YIMN0045-230x345.jpg 230w, https:\/\/rr408.freudenstadt.church\/wp-content\/uploads\/2020\/09\/YIMN0045-350x525.jpg 350w, https:\/\/rr408.freudenstadt.church\/wp-content\/uploads\/2020\/09\/YIMN0045-480x720.jpg 480w, https:\/\/rr408.freudenstadt.church\/wp-content\/uploads\/2020\/09\/YIMN0045.jpg 1066w\" sizes=\"(max-width: 682px) 100vw, 682px\" \/><\/figure><div class=\"wp-block-media-text__content\">\n<p class=\"has-large-font-size\">Our church\u00b4s pastor<\/p>\n\n\n\n<p>Jivko Jacobs<br>jivko.jacobs@gmail.com<br>017 612345678<\/p>\n<\/div><\/div>\n\n\n\n<p><\/p>\n\n\n\n<p>If you would like to know more about our church please visit our website <a href=\"https:\/\/freudenstadt.church\" class=\"broken_link\">https:\/\/freudenstadt.church<\/a> !<\/p>\n\n\n\n<hr class=\"wp-block-separator\"\/>\n\n\n\n<h4>Royal Rangers in Germany<\/h4>\n\n\n\n<p>Gegr\u00fcndet wurden die Royal Rangers in den USA in den 60ern, in Deutschland gibt es uns nun schon seit 40 Jahren. Wir sind \u00fcber die ganze Bundesrepublik verteilt. Dabei ist Deutschland in 5 Distrikte unterteilt, Baden-W\u00fcrttemberg ist einer davon. Diese Distrikte wiederum sind in Regionen gegliedert. Freudenstadt ist Teil der Region Schwarzwald \/ BW08. Vor Ort sind die Royal Rangers in sogenannten &#8220;St\u00e4mmen&#8221; organisiert. Einen Ranger eines anderen Stammes zu treffen f\u00fchlt sich immer an wie Familie! Dabei spielt die Regions- bzw. Distriktzugeh\u00f6rigkeit keine Rolle;).   <\/p>\n\n\n\n<p> If you would like to know more about Royal Rangers Germany please visit our website <a href=\"http:\/\/royal-rangers.de\">http:\/\/royal-rangers.de<\/a> !<\/p>\n\n\n\n<hr class=\"wp-block-separator\"\/>\n\n\n\n<h4>Royal Rangers Europe<\/h4>\n\n\n\n<p>By now there are at least a few Rangers in almost all European countries. Every 4 years Royal Rangers from all over Europe meet for the so called \"Eurocamp\". It\u00b4s all about fellowship, communication across borders and international relationships. <\/p>\n\n\n\n<p> If you would like to know more about Royal Rangers Europe please visit our website <a href=\"http:\/\/royalrangerseurope.net\">http:\/\/royalrangerseurope.net<\/a> !<\/p>\n\n\n\n<hr class=\"wp-block-separator\"\/>\n\n\n\n<h4>Royal Rangers International<\/h4>\n\n\n\n<p> Royal Rangers across the globe are represented by Doug Marsh. It is quite an amazing thought to know that Kids all over the world bond and get to know God\u00b4s love for them, all in the context of a Royal Rangers team. <\/p>\n\n\n\n<p> If you would like to know more about Royal Rangers worldwide please visit our website <a href=\"http:\/\/royalrangersinternational.com\">http:\/\/royalrangersinternational.com<\/a> !<\/p>","protected":false},"excerpt":{"rendered":"<p>Wer sind die Royal Rangers?&nbsp; Die Royal Rangers sind eine weltweite Pfadfinderbewegung, die in den USA ihren Ursprung fanden und inzwischen in vielen L\u00e4ndern der Welt adaptiert wurden. In Deutschland gibt es uns nun schon seit 40 Jahren. Unser Ziel dabei ist es, Kinder und Jugendliche ganzheitlich und erlebnisp\u00e4dagogisch im Rahmen der Natur zu f\u00f6rdern, [&hellip;]<\/p>","protected":false},"author":1,"featured_media":0,"parent":0,"menu_order":0,"comment_status":"closed","ping_status":"closed","template":"","meta":[],"_links":{"self":[{"href":"https:\/\/rr408.freudenstadt.church\/en_us\/wp-json\/wp\/v2\/pages\/45"}],"collection":[{"href":"https:\/\/rr408.freudenstadt.church\/en_us\/wp-json\/wp\/v2\/pages"}],"about":[{"href":"https:\/\/rr408.freudenstadt.church\/en_us\/wp-json\/wp\/v2\/types\/page"}],"author":[{"embeddable":true,"href":"https:\/\/rr408.freudenstadt.church\/en_us\/wp-json\/wp\/v2\/users\/1"}],"replies":[{"embeddable":true,"href":"https:\/\/rr408.freudenstadt.church\/en_us\/wp-json\/wp\/v2\/comments?post=45"}],"version-history":[{"count":41,"href":"https:\/\/rr408.freudenstadt.church\/en_us\/wp-json\/wp\/v2\/pages\/45\/revisions"}],"predecessor-version":[{"id":799,"href":"https:\/\/rr408.freudenstadt.church\/en_us\/wp-json\/wp\/v2\/pages\/45\/revisions\/799"}],"wp:attachment":[{"href":"https:\/\/rr408.freudenstadt.church\/en_us\/wp-json\/wp\/v2\/media?parent=45"}],"curies":[{"name":"wp","href":"https:\/\/api.w.org\/{rel}","templated":true}]}}