{"id":867,"date":"2025-06-05T21:10:21","date_gmt":"2025-06-05T20:10:21","guid":{"rendered":"https:\/\/rr408.freudenstadt.church\/?page_id=867"},"modified":"2025-06-05T21:12:19","modified_gmt":"2025-06-05T20:12:19","slug":"impressum","status":"publish","type":"page","link":"https:\/\/rr408.freudenstadt.church\/en_us\/impressum","title":{"rendered":"Site Notice"},"content":{"rendered":"<div data-elementor-type=\"wp-page\" data-elementor-id=\"867\" class=\"elementor elementor-867\" data-elementor-settings=\"[]\">\n\t\t\t\t\t\t<div class=\"elementor-inner\">\n\t\t\t\t\t\t\t<div class=\"elementor-section-wrap\">\n\t\t\t\t\t\t\t<section class=\"elementor-section elementor-top-section elementor-element elementor-element-13206a82 elementor-section-boxed elementor-section-height-default elementor-section-height-default\" data-id=\"13206a82\" data-element_type=\"section\">\n\t\t\t\t\t\t<div class=\"elementor-container elementor-column-gap-default\">\n\t\t\t\t\t\t\t<div class=\"elementor-row\">\n\t\t\t\t\t<div class=\"elementor-column elementor-col-100 elementor-top-column elementor-element elementor-element-37723a9d\" data-id=\"37723a9d\" data-element_type=\"column\">\n\t\t\t<div class=\"elementor-column-wrap elementor-element-populated\">\n\t\t\t\t\t\t\t<div class=\"elementor-widget-wrap\">\n\t\t\t\t\t\t<div class=\"elementor-element elementor-element-258dc681 elementor-widget elementor-widget-text-editor\" data-id=\"258dc681\" data-element_type=\"widget\" data-widget_type=\"text-editor.default\">\n\t\t\t\t<div class=\"elementor-widget-container\">\n\t\t\t\t\t<div class=\"elementor-text-editor elementor-clearfix\"><!-- wp:tadv\/classic-paragraph \/--><\/div>\n\t\t\t\t<\/div>\n\t\t\t\t<\/div>\n\t\t\t\t\t\t<\/div>\n\t\t\t\t\t<\/div>\n\t\t<\/div>\n\t\t\t\t\t\t\t\t<\/div>\n\t\t\t\t\t<\/div>\n\t\t<\/section>\n\t\t\t\t<section class=\"elementor-section elementor-top-section elementor-element elementor-element-dada5f7 elementor-section-boxed elementor-section-height-default elementor-section-height-default\" data-id=\"dada5f7\" data-element_type=\"section\">\n\t\t\t\t\t\t<div class=\"elementor-container elementor-column-gap-default\">\n\t\t\t\t\t\t\t<div class=\"elementor-row\">\n\t\t\t\t\t<div class=\"elementor-column elementor-col-100 elementor-top-column elementor-element elementor-element-62d9859\" data-id=\"62d9859\" data-element_type=\"column\">\n\t\t\t<div class=\"elementor-column-wrap elementor-element-populated\">\n\t\t\t\t\t\t\t<div class=\"elementor-widget-wrap\">\n\t\t\t\t\t\t<div class=\"elementor-element elementor-element-191a273 elementor-widget elementor-widget-text-editor\" data-id=\"191a273\" data-element_type=\"widget\" data-widget_type=\"text-editor.default\">\n\t\t\t\t<div class=\"elementor-widget-container\">\n\t\t\t\t\t<div class=\"elementor-text-editor elementor-clearfix\"><p>Gemeinde Gottes in Deutschland Kd\u00f6R, Crossroads International Church<br \/>Schickhardtstra\u00dfe 15<br \/>72250 Freudenstadt<\/p>\n<p><strong>Represented by:<\/strong><br \/>Gemeinde Gottes Deutschland Kd\u00f6R<br \/>Bundesgesch\u00e4ftsf\u00fchrung:<br \/>Marc Brenner, Pr\u00e4ses<br \/>Christian Krumbacher, Stellv. Pr\u00e4ses<br \/>Damaris Auw\u00e4rter, Bundessekret\u00e4r<br \/>Reinhard Oesterling, Bundesfinanzverwalter<\/p>\n<h2>Contact<\/h2>\n<p>Phone: +49-176-56323577<br \/>E-Mail: mail@freudenstadt.church<\/p>\n<h2>Postal address<\/h2>\n<p>Bundesgesch\u00e4ftsf\u00fchrung<br \/>Gemeinde Gottes in Deutschland Kd\u00f6R<br \/>Schurwaldstra\u00dfe 10<br \/>73660 Urbach<\/p>\n<h2>EU dispute resolution<\/h2>\n<p>The European Commission provides a platform for online dispute resolution (ODR): <a href=\"https:\/\/ec.europa.eu\/consumers\/odr\/\" target=\"_blank\" rel=\"noopener noreferrer\">https:\/\/ec.europa.eu\/consumers\/odr\/<\/a>.<br \/>Our e-mail address can be found above in the site notice.<\/p>\n<h2>Dispute resolution proceedings in front of a consumer arbitration\nboard<\/h2>\n<p>We are not willing or obliged to participate in dispute resolution proceedings in front of a consumer\narbitration board.<\/p><\/div>\n\t\t\t\t<\/div>\n\t\t\t\t<\/div>\n\t\t\t\t\t\t<\/div>\n\t\t\t\t\t<\/div>\n\t\t<\/div>\n\t\t\t\t\t\t\t\t<\/div>\n\t\t\t\t\t<\/div>\n\t\t<\/section>\n\t\t\t\t\t\t<\/div>\n\t\t\t\t\t\t<\/div>\n\t\t\t\t\t<\/div>","protected":false},"excerpt":{"rendered":"<p>Gemeinde Gottes in Deutschland Kd\u00f6R, Crossroads International ChurchSchickhardtstra\u00dfe 1572250 Freudenstadt Vertreten durch:Gemeinde Gottes Deutschland Kd\u00f6RBundesgesch\u00e4ftsf\u00fchrung:Marc Brenner, Pr\u00e4sesChristian Krumbacher, Stellv. Pr\u00e4sesDamaris Auw\u00e4rter, Bundessekret\u00e4rReinhard Oesterling, Bundesfinanzverwalter Kontakt Telefon: +49-176-56323577E-Mail: mail@freudenstadt.church Postadresse Bundesgesch\u00e4ftsf\u00fchrungGemeinde Gottes in Deutschland Kd\u00f6RSchurwaldstra\u00dfe 1073660 Urbach EU-Streitschlichtung Die Europ\u00e4ische Kommission stellt eine Plattform zur Online-Streitbeilegung (OS) bereit: https:\/\/ec.europa.eu\/consumers\/odr\/.Unsere E-Mail-Adresse finden Sie oben im Impressum. Verbraucher\u00adstreit\u00adbeilegung\/Universal\u00adschlichtungs\u00adstelle [&hellip;]<\/p>","protected":false},"author":7,"featured_media":0,"parent":0,"menu_order":0,"comment_status":"closed","ping_status":"closed","template":"","meta":[],"_links":{"self":[{"href":"https:\/\/rr408.freudenstadt.church\/en_us\/wp-json\/wp\/v2\/pages\/867"}],"collection":[{"href":"https:\/\/rr408.freudenstadt.church\/en_us\/wp-json\/wp\/v2\/pages"}],"about":[{"href":"https:\/\/rr408.freudenstadt.church\/en_us\/wp-json\/wp\/v2\/types\/page"}],"author":[{"embeddable":true,"href":"https:\/\/rr408.freudenstadt.church\/en_us\/wp-json\/wp\/v2\/users\/7"}],"replies":[{"embeddable":true,"href":"https:\/\/rr408.freudenstadt.church\/en_us\/wp-json\/wp\/v2\/comments?post=867"}],"version-history":[{"count":9,"href":"https:\/\/rr408.freudenstadt.church\/en_us\/wp-json\/wp\/v2\/pages\/867\/revisions"}],"predecessor-version":[{"id":877,"href":"https:\/\/rr408.freudenstadt.church\/en_us\/wp-json\/wp\/v2\/pages\/867\/revisions\/877"}],"wp:attachment":[{"href":"https:\/\/rr408.freudenstadt.church\/en_us\/wp-json\/wp\/v2\/media?parent=867"}],"curies":[{"name":"wp","href":"https:\/\/api.w.org\/{rel}","templated":true}]}}